{"id":590,"date":"2025-09-04T07:10:49","date_gmt":"2025-09-04T07:10:49","guid":{"rendered":"https:\/\/goersch-gmbh.de\/?page_id=590"},"modified":"2025-10-09T16:44:00","modified_gmt":"2025-10-09T16:44:00","slug":"impressum","status":"publish","type":"page","link":"https:\/\/goersch-gmbh.de\/?page_id=590","title":{"rendered":"Impressum"},"content":{"rendered":"\t\t<div data-elementor-type=\"wp-page\" data-elementor-id=\"590\" class=\"elementor elementor-590\" data-elementor-post-type=\"page\">\n\t\t\t\t<div class=\"elementor-element elementor-element-7161424f e-flex e-con-boxed e-con e-parent\" data-id=\"7161424f\" data-element_type=\"container\" data-e-type=\"container\">\n\t\t\t\t\t<div class=\"e-con-inner\">\n\t\t\t\t<div class=\"elementor-element elementor-element-7c0c3133 elementor-widget elementor-widget-text-editor\" data-id=\"7c0c3133\" data-element_type=\"widget\" data-e-type=\"widget\" data-widget_type=\"text-editor.default\">\n\t\t\t\t<div class=\"elementor-widget-container\">\n\t\t\t\t\t\t\t\t\t<h4><strong>Impressum<\/strong><\/h4>\n<p>Angaben gem\u00e4\u00df \u00a7 5 TMG<\/p>\n<p>G\u00f6rsch GmbH &#8211;\u00a0 Bau &amp; Geb\u00e4udeservice<br \/>Vertreten durch: Alexander G\u00f6rsch (Gesch\u00e4ftsf\u00fchrer) <br \/>Nuthedamm 9<br \/>14974 Ludwigsfelde<\/p>\n<p>Kontakt: <br \/>Telefon: 0173 2023 820<br \/>E-Mail: info@goersch-gmbh.de<\/p>\n<p>Umsatzsteuer-ID: DE288216830<br \/>Umsatzsteuer-Identifikationsnummer gem\u00e4\u00df \u00a7 27 a Umsatzsteuergesetz: DE123456789<\/p>\n<p><!-- \/wp:paragraph --><!-- wp:paragraph --><\/p>\n<p><!-- \/wp:paragraph --><\/p>\t\t\t\t\t\t\t\t<\/div>\n\t\t\t\t<\/div>\n\t\t\t\t\t<\/div>\n\t\t\t\t<\/div>\n\t\t\t\t<\/div>\n\t\t","protected":false},"excerpt":{"rendered":"<p>Impressum Angaben gem\u00e4\u00df \u00a7 5 TMG G\u00f6rsch GmbH &#8211;\u00a0 Bau &amp; Geb\u00e4udeserviceVertreten durch: Alexander G\u00f6rsch (Gesch\u00e4ftsf\u00fchrer) Nuthedamm 914974 Ludwigsfelde Kontakt: Telefon: 0173 2023 820E-Mail: info@goersch-gmbh.de Umsatzsteuer-ID: DE288216830Umsatzsteuer-Identifikationsnummer gem\u00e4\u00df \u00a7 27 a Umsatzsteuergesetz: DE123456789<\/p>\n","protected":false},"author":2,"featured_media":0,"parent":0,"menu_order":0,"comment_status":"closed","ping_status":"closed","template":"","meta":{"footnotes":""},"class_list":["post-590","page","type-page","status-publish","hentry"],"_links":{"self":[{"href":"https:\/\/goersch-gmbh.de\/index.php?rest_route=\/wp\/v2\/pages\/590","targetHints":{"allow":["GET"]}}],"collection":[{"href":"https:\/\/goersch-gmbh.de\/index.php?rest_route=\/wp\/v2\/pages"}],"about":[{"href":"https:\/\/goersch-gmbh.de\/index.php?rest_route=\/wp\/v2\/types\/page"}],"author":[{"embeddable":true,"href":"https:\/\/goersch-gmbh.de\/index.php?rest_route=\/wp\/v2\/users\/2"}],"replies":[{"embeddable":true,"href":"https:\/\/goersch-gmbh.de\/index.php?rest_route=%2Fwp%2Fv2%2Fcomments&post=590"}],"version-history":[{"count":8,"href":"https:\/\/goersch-gmbh.de\/index.php?rest_route=\/wp\/v2\/pages\/590\/revisions"}],"predecessor-version":[{"id":669,"href":"https:\/\/goersch-gmbh.de\/index.php?rest_route=\/wp\/v2\/pages\/590\/revisions\/669"}],"wp:attachment":[{"href":"https:\/\/goersch-gmbh.de\/index.php?rest_route=%2Fwp%2Fv2%2Fmedia&parent=590"}],"curies":[{"name":"wp","href":"https:\/\/api.w.org\/{rel}","templated":true}]}}